{"id":5,"date":"2023-11-05T22:27:04","date_gmt":"2023-11-05T22:27:04","guid":{"rendered":"https:\/\/tourbrio.com\/se\/?page_id=5"},"modified":"2023-11-05T22:27:04","modified_gmt":"2023-11-05T22:27:04","slug":"upptack-tourbrio","status":"publish","type":"page","link":"https:\/\/tourbrio.com\/se\/","title":{"rendered":"Uppt\u00e4ck Tourbrio"},"content":{"rendered":"<p>V\u00e4lkommen till Tourbrio &#8211; Din portal till \u00e4ventyr!<\/p>\n<p>P\u00e5 Tourbrio \u00e4r vi dina resekamrater p\u00e5 en resa fylld av undring och uppt\u00e4ckter. Vi \u00e4r h\u00e4r f\u00f6r att inspirera din reslust, ge v\u00e4rdefulla rese tips och koppla ihop dig med likasinnade uppt\u00e4ckare.<\/p>\n<p>Utforska v\u00e4rldens sk\u00f6nhet, fr\u00e5n Balis or\u00f6rda str\u00e4nder till de historiska gatorna i Rom. Dela dina reseber\u00e4ttelser och tips och l\u00e4r dig av andra som har f\u00e4rdats l\u00e5ngt och brett. Fr\u00e5n hisnande landskap till g\u00f6mda p\u00e4rlor, v\u00e5r gemenskap \u00e4r din k\u00e4lla till reseinspiration.<\/p>\n<p>Delta i utforskningen av de olika kulturerna, rika historierna och unika upplevelser som v\u00e4rlden har att erbjuda. Oavsett om du \u00e4r en ensamresen\u00e4r, en familj som s\u00f6ker \u00e4ventyr eller ett par som letar efter romantiska getaways, \u00e4r Tourbrio din resurs.<\/p>\n<p>Engagera dig med v\u00e5r passionerade gemenskap, st\u00e4ll fr\u00e5gor och dela dina upplevelser. Vi v\u00e4lkomnar din feedback och id\u00e9er f\u00f6r framtida inneh\u00e5ll. Vill du bidra med inneh\u00e5ll p\u00e5 vilket spr\u00e5k som helst? Vi \u00e4r \u00f6ppna f\u00f6r dina bidrag och samarbete.<\/p>\n<p>Ditt \u00e4ventyr b\u00f6rjar h\u00e4r. Tourbrio &#8211; D\u00e4r Resedr\u00f6mmar Blir Verklighet<\/p>\n","protected":false},"excerpt":{"rendered":"<p>V\u00e4lkommen till Tourbrio &#8211; Din portal till \u00e4ventyr! P\u00e5 Tourbrio \u00e4r vi dina resekamrater p\u00e5 en resa fylld av undring och uppt\u00e4ckter. Vi \u00e4r h\u00e4r f\u00f6r att inspirera din reslust, ge v\u00e4rdefulla rese tips och koppla ihop dig med likasinnade <span class=\"excerpt-dots\">&hellip;<\/span> <a class=\"more-link\" href=\"https:\/\/tourbrio.com\/se\/\"><span class=\"more-msg\">L\u00e4s mer &rarr;<\/span><\/a><\/p>\n","protected":false},"author":1,"featured_media":0,"parent":0,"menu_order":0,"comment_status":"closed","ping_status":"closed","template":"","meta":{"footnotes":""},"class_list":["post-5","page","type-page","status-publish","hentry"],"_links":{"self":[{"href":"https:\/\/tourbrio.com\/se\/wp-json\/wp\/v2\/pages\/5","targetHints":{"allow":["GET"]}}],"collection":[{"href":"https:\/\/tourbrio.com\/se\/wp-json\/wp\/v2\/pages"}],"about":[{"href":"https:\/\/tourbrio.com\/se\/wp-json\/wp\/v2\/types\/page"}],"author":[{"embeddable":true,"href":"https:\/\/tourbrio.com\/se\/wp-json\/wp\/v2\/users\/1"}],"replies":[{"embeddable":true,"href":"https:\/\/tourbrio.com\/se\/wp-json\/wp\/v2\/comments?post=5"}],"version-history":[{"count":1,"href":"https:\/\/tourbrio.com\/se\/wp-json\/wp\/v2\/pages\/5\/revisions"}],"predecessor-version":[{"id":6,"href":"https:\/\/tourbrio.com\/se\/wp-json\/wp\/v2\/pages\/5\/revisions\/6"}],"wp:attachment":[{"href":"https:\/\/tourbrio.com\/se\/wp-json\/wp\/v2\/media?parent=5"}],"curies":[{"name":"wp","href":"https:\/\/api.w.org\/{rel}","templated":true}]}}