{"id":5,"date":"2023-11-05T22:29:14","date_gmt":"2023-11-05T22:29:14","guid":{"rendered":"https:\/\/tourbrio.com\/ro\/?page_id=5"},"modified":"2023-11-05T22:29:14","modified_gmt":"2023-11-05T22:29:14","slug":"descopera-tourbrio","status":"publish","type":"page","link":"https:\/\/tourbrio.com\/ro\/descopera-tourbrio\/","title":{"rendered":"Descoper\u0103 Tourbrio"},"content":{"rendered":"<p>Bine a\u021bi venit la Tourbrio &#8211; Portalul t\u0103u c\u0103tre aventur\u0103!<\/p>\n<p>La Tourbrio, suntem partenerii t\u0103i de c\u0103l\u0103torie \u00eentr-o lume plin\u0103 de minuni \u0219i descoperiri. Suntem aici pentru a-\u021bi inspira spiritul aventuros, a-\u021bi oferi sfaturi de c\u0103l\u0103torie valoroase \u0219i a te conecta cu al\u021bi exploratori pasiona\u021bi.<\/p>\n<p>Exploreaz\u0103 frumuse\u021bea lumii, de la plajele intacte din Bali p\u00e2n\u0103 la str\u0103zile istorice din Roma. \u00cemp\u0103rt\u0103\u0219e\u0219te-\u021bi pove\u0219tile \u0219i sfaturile de c\u0103l\u0103torie \u0219i \u00eenva\u021b\u0103 de la al\u021bii care au c\u0103l\u0103torit prin lume. De la peisaje uluitoare la comori ascunse, comunitatea noastr\u0103 este sursa ta de inspira\u021bie pentru c\u0103l\u0103torii.<\/p>\n<p>Al\u0103tur\u0103-te explor\u0103rii culturilor diverse, istoriilor bogate \u0219i experien\u021belor unice pe care lumea le ofer\u0103. Indiferent dac\u0103 e\u0219ti un c\u0103l\u0103tor solitar, o familie \u00een c\u0103utare de aventuri sau un cuplu \u00een c\u0103utare de escapade romantice, Tourbrio este resursa ta.<\/p>\n<p>Interac\u021bioneaz\u0103 cu comunitatea noastr\u0103 pasionat\u0103, pune \u00eentreb\u0103ri \u0219i \u00eemp\u0103rt\u0103\u0219e\u0219te-\u021bi experien\u021bele. A\u0219tept\u0103m cu ner\u0103bdare feedback-ul t\u0103u \u0219i ideile pentru con\u021binut viitor. Vrei s\u0103 contribui cu con\u021binut \u00een orice limb\u0103? Suntem deschi\u0219i colabor\u0103rii.<\/p>\n<p>Aventura ta \u00eencepe aici. Tourbrio &#8211; Unde Visele de C\u0103l\u0103torie Devin Realitate.<\/p>\n","protected":false},"excerpt":{"rendered":"<p>Bine a\u021bi venit la Tourbrio &#8211; Portalul t\u0103u c\u0103tre aventur\u0103! La Tourbrio, suntem partenerii t\u0103i de c\u0103l\u0103torie \u00eentr-o lume plin\u0103 de minuni \u0219i descoperiri. Suntem aici pentru a-\u021bi inspira spiritul aventuros, a-\u021bi oferi sfaturi de c\u0103l\u0103torie valoroase \u0219i a te conecta cu al\u021bi exploratori pasiona\u021bi. Exploreaz\u0103 frumuse\u021bea lumii, de la plajele intacte din Bali p\u00e2n\u0103 [&hellip;]<\/p>\n","protected":false},"author":1,"featured_media":0,"parent":0,"menu_order":0,"comment_status":"closed","ping_status":"closed","template":"","meta":{"footnotes":""},"class_list":["post-5","page","type-page","status-publish","hentry"],"jetpack_sharing_enabled":true,"_links":{"self":[{"href":"https:\/\/tourbrio.com\/ro\/wp-json\/wp\/v2\/pages\/5","targetHints":{"allow":["GET"]}}],"collection":[{"href":"https:\/\/tourbrio.com\/ro\/wp-json\/wp\/v2\/pages"}],"about":[{"href":"https:\/\/tourbrio.com\/ro\/wp-json\/wp\/v2\/types\/page"}],"author":[{"embeddable":true,"href":"https:\/\/tourbrio.com\/ro\/wp-json\/wp\/v2\/users\/1"}],"replies":[{"embeddable":true,"href":"https:\/\/tourbrio.com\/ro\/wp-json\/wp\/v2\/comments?post=5"}],"version-history":[{"count":1,"href":"https:\/\/tourbrio.com\/ro\/wp-json\/wp\/v2\/pages\/5\/revisions"}],"predecessor-version":[{"id":6,"href":"https:\/\/tourbrio.com\/ro\/wp-json\/wp\/v2\/pages\/5\/revisions\/6"}],"wp:attachment":[{"href":"https:\/\/tourbrio.com\/ro\/wp-json\/wp\/v2\/media?parent=5"}],"curies":[{"name":"wp","href":"https:\/\/api.w.org\/{rel}","templated":true}]}}